{"id":3205,"date":"2022-01-04T22:38:00","date_gmt":"2022-01-05T01:38:00","guid":{"rendered":"https:\/\/b375.com.ar\/wp\/?post_type=product&#038;p=3205"},"modified":"2024-05-27T00:07:14","modified_gmt":"2024-05-27T03:07:14","slug":"vw-up-hotpepper-s1","status":"publish","type":"product","link":"https:\/\/b375.com.ar\/wp\/producto\/vw-up-hotpepper-s1\/","title":{"rendered":"VW Up! HotPepper S1"},"content":{"rendered":"<p>Volkswagen Up! HotPepper S1 Line<\/p>\n<p>Versi\u00f3n de Calle<\/p>\n<p>Contenido de terceros detallado en la pesta\u00f1a de informaci\u00f3n de Content Manager de cada veh\u00edculo.<\/p>\n<p><span style=\"font-size: 16px;\">Obra registrada y al amparo de la ley 11.723 de Propiedad Intelectual.<\/span><\/p>\n<p>Todas las marcas y logotipos contenidos pertenecen a sus respectivos due\u00f1os.<\/p>\n","protected":false},"excerpt":{"rendered":"<p>Volkswagen Up! HotPepper S1 Line<\/p>\n<p>Street Version<\/p>\n<p>3rd Party content included in CM info label for each vehicle.<\/p>\n","protected":false},"featured_media":3210,"template":"","meta":{"site-sidebar-layout":"default","site-content-layout":"default","ast-site-content-layout":"default","site-content-style":"default","site-sidebar-style":"default","ast-global-header-display":"","ast-banner-title-visibility":"","ast-main-header-display":"","ast-hfb-above-header-display":"","ast-hfb-below-header-display":"","ast-hfb-mobile-header-display":"","site-post-title":"","ast-breadcrumbs-content":"","ast-featured-img":"","footer-sml-layout":"","ast-disable-related-posts":"","theme-transparent-header-meta":"default","adv-header-id-meta":"","stick-header-meta":"","header-above-stick-meta":"","header-main-stick-meta":"","header-below-stick-meta":"","astra-migrate-meta-layouts":"set","ast-page-background-enabled":"default","ast-page-background-meta":{"desktop":{"background-color":"","background-image":"","background-repeat":"repeat","background-position":"center center","background-size":"auto","background-attachment":"scroll","background-type":"","background-media":"","overlay-type":"","overlay-color":"","overlay-opacity":"","overlay-gradient":""},"tablet":{"background-color":"","background-image":"","background-repeat":"repeat","background-position":"center center","background-size":"auto","background-attachment":"scroll","background-type":"","background-media":"","overlay-type":"","overlay-color":"","overlay-opacity":"","overlay-gradient":""},"mobile":{"background-color":"","background-image":"","background-repeat":"repeat","background-position":"center center","background-size":"auto","background-attachment":"scroll","background-type":"","background-media":"","overlay-type":"","overlay-color":"","overlay-opacity":"","overlay-gradient":""}},"ast-content-background-meta":{"desktop":{"background-color":"var(--ast-global-color-5)","background-image":"","background-repeat":"repeat","background-position":"center center","background-size":"auto","background-attachment":"scroll","background-type":"","background-media":"","overlay-type":"","overlay-color":"","overlay-opacity":"","overlay-gradient":""},"tablet":{"background-color":"var(--ast-global-color-5)","background-image":"","background-repeat":"repeat","background-position":"center center","background-size":"auto","background-attachment":"scroll","background-type":"","background-media":"","overlay-type":"","overlay-color":"","overlay-opacity":"","overlay-gradient":""},"mobile":{"background-color":"var(--ast-global-color-5)","background-image":"","background-repeat":"repeat","background-position":"center center","background-size":"auto","background-attachment":"scroll","background-type":"","background-media":"","overlay-type":"","overlay-color":"","overlay-opacity":"","overlay-gradient":""}}},"product_brand":[],"product_cat":[134],"product_tag":[249,94,158,159,151,111,157,155,156],"class_list":{"0":"post-3205","1":"product","2":"type-product","3":"status-publish","4":"has-post-thumbnail","6":"product_cat-street-cars","7":"product_tag-assetto-corsa","8":"product_tag-fwd","9":"product_tag-hotpepper","10":"product_tag-s1","11":"product_tag-street","12":"product_tag-turbo","13":"product_tag-up","14":"product_tag-volkswagen","15":"product_tag-vw","16":"desktop-align-left","17":"tablet-align-left","18":"mobile-align-left","20":"first","21":"instock","22":"virtual","23":"taxable","24":"purchasable","25":"product-type-simple"},"jetpack_sharing_enabled":true,"_links":{"self":[{"href":"https:\/\/b375.com.ar\/wp\/wp-json\/wp\/v2\/product\/3205","targetHints":{"allow":["GET"]}}],"collection":[{"href":"https:\/\/b375.com.ar\/wp\/wp-json\/wp\/v2\/product"}],"about":[{"href":"https:\/\/b375.com.ar\/wp\/wp-json\/wp\/v2\/types\/product"}],"version-history":[{"count":0,"href":"https:\/\/b375.com.ar\/wp\/wp-json\/wp\/v2\/product\/3205\/revisions"}],"wp:featuredmedia":[{"embeddable":true,"href":"https:\/\/b375.com.ar\/wp\/wp-json\/wp\/v2\/media\/3210"}],"wp:attachment":[{"href":"https:\/\/b375.com.ar\/wp\/wp-json\/wp\/v2\/media?parent=3205"}],"wp:term":[{"taxonomy":"product_brand","embeddable":true,"href":"https:\/\/b375.com.ar\/wp\/wp-json\/wp\/v2\/product_brand?post=3205"},{"taxonomy":"product_cat","embeddable":true,"href":"https:\/\/b375.com.ar\/wp\/wp-json\/wp\/v2\/product_cat?post=3205"},{"taxonomy":"product_tag","embeddable":true,"href":"https:\/\/b375.com.ar\/wp\/wp-json\/wp\/v2\/product_tag?post=3205"}],"curies":[{"name":"wp","href":"https:\/\/api.w.org\/{rel}","templated":true}]}}