{"id":5260,"date":"2025-04-23T16:14:36","date_gmt":"2025-04-23T19:14:36","guid":{"rendered":"https:\/\/b375.com.ar\/wp\/?post_type=product&#038;p=5260"},"modified":"2026-03-11T09:12:08","modified_gmt":"2026-03-11T12:12:08","slug":"ford-falcon-sprint","status":"publish","type":"product","link":"https:\/\/b375.com.ar\/wp\/producto\/ford-falcon-sprint\/","title":{"rendered":"Ford Falcon Sprint"},"content":{"rendered":"<p>Ford Falcon Sprint 1973\/1974<br \/>\nVersi\u00f3n Semi Track \/ Stock Mejorado<\/p>\n<p>Versi\u00f3n Full Track Balanceados con Chevy y Torino<\/p>\n<p>Chequear publicaciones en nuestro Instagram para mas detalles.<br \/>\nCSP 0.2.8 o superior necesario.<br \/>\nNo apto para ligas o torneos. Uso privado \u00fanicamente.<\/p>\n<p>Obra registrada y al amparo de la ley 11.723 de Propiedad Intelectual.<\/p>\n<p><span style=\"font-size: 16px;\">Contenido de terceros detallado en la pesta\u00f1a de informaci\u00f3n de Content Manager del veh\u00edculo.<\/span><\/p>\n<p>Todas las marcas y logotipos contenidos pertenecen a sus respectivos due\u00f1os.<\/p>\n","protected":false},"excerpt":{"rendered":"<p>Ford Falcon Sprint 1973\/1974<br \/>\nSemi Track \/ Stock Upgrade Spec<br \/>\nFull Track Spec BOP w\/Chevy &amp; Torino<\/p>\n<p>Check our IG for more content<br \/>\nCSP 0.2.8 or higher required<br \/>\nNot for leagues, private only.<\/p>\n<p>Copyrighted content.<\/p>\n<p><span style=\"font-size: 16px;\">All 3rd Party content included in CM info label for all vehicles.<\/span><\/p>\n<p>All brands and logos contained belong to their respective owners.<\/p>\n","protected":false},"featured_media":5278,"template":"","meta":{"site-sidebar-layout":"default","site-content-layout":"default","ast-site-content-layout":"default","site-content-style":"default","site-sidebar-style":"default","ast-global-header-display":"","ast-banner-title-visibility":"","ast-main-header-display":"","ast-hfb-above-header-display":"","ast-hfb-below-header-display":"","ast-hfb-mobile-header-display":"","site-post-title":"","ast-breadcrumbs-content":"","ast-featured-img":"","footer-sml-layout":"","ast-disable-related-posts":"","theme-transparent-header-meta":"default","adv-header-id-meta":"","stick-header-meta":"","header-above-stick-meta":"","header-main-stick-meta":"","header-below-stick-meta":"","astra-migrate-meta-layouts":"set","ast-page-background-enabled":"default","ast-page-background-meta":{"desktop":{"background-color":"","background-image":"","background-repeat":"repeat","background-position":"center center","background-size":"auto","background-attachment":"scroll","background-type":"","background-media":"","overlay-type":"","overlay-color":"","overlay-opacity":"","overlay-gradient":""},"tablet":{"background-color":"","background-image":"","background-repeat":"repeat","background-position":"center center","background-size":"auto","background-attachment":"scroll","background-type":"","background-media":"","overlay-type":"","overlay-color":"","overlay-opacity":"","overlay-gradient":""},"mobile":{"background-color":"","background-image":"","background-repeat":"repeat","background-position":"center center","background-size":"auto","background-attachment":"scroll","background-type":"","background-media":"","overlay-type":"","overlay-color":"","overlay-opacity":"","overlay-gradient":""}},"ast-content-background-meta":{"desktop":{"background-color":"var(--ast-global-color-5)","background-image":"","background-repeat":"repeat","background-position":"center center","background-size":"auto","background-attachment":"scroll","background-type":"","background-media":"","overlay-type":"","overlay-color":"","overlay-opacity":"","overlay-gradient":""},"tablet":{"background-color":"var(--ast-global-color-5)","background-image":"","background-repeat":"repeat","background-position":"center center","background-size":"auto","background-attachment":"scroll","background-type":"","background-media":"","overlay-type":"","overlay-color":"","overlay-opacity":"","overlay-gradient":""},"mobile":{"background-color":"var(--ast-global-color-5)","background-image":"","background-repeat":"repeat","background-position":"center center","background-size":"auto","background-attachment":"scroll","background-type":"","background-media":"","overlay-type":"","overlay-color":"","overlay-opacity":"","overlay-gradient":""}}},"product_brand":[404],"product_cat":[134,133],"product_tag":[249,262,372,375,302,374,105,373,341,298],"class_list":{"0":"post-5260","1":"product","2":"type-product","3":"status-publish","4":"has-post-thumbnail","6":"product_brand-falcon","7":"product_cat-street-cars","8":"product_cat-track-cars","9":"product_tag-assetto-corsa","10":"product_tag-b375","11":"product_tag-falcon","12":"product_tag-falcon-tc","13":"product_tag-ford","14":"product_tag-muscle","15":"product_tag-rwd","16":"product_tag-sprint","17":"product_tag-tc","18":"product_tag-track-car","19":"desktop-align-left","20":"tablet-align-left","21":"mobile-align-left","23":"first","24":"instock","25":"featured","26":"virtual","27":"sold-individually","28":"taxable","29":"purchasable","30":"product-type-simple"},"jetpack_sharing_enabled":true,"_links":{"self":[{"href":"https:\/\/b375.com.ar\/wp\/wp-json\/wp\/v2\/product\/5260","targetHints":{"allow":["GET"]}}],"collection":[{"href":"https:\/\/b375.com.ar\/wp\/wp-json\/wp\/v2\/product"}],"about":[{"href":"https:\/\/b375.com.ar\/wp\/wp-json\/wp\/v2\/types\/product"}],"version-history":[{"count":8,"href":"https:\/\/b375.com.ar\/wp\/wp-json\/wp\/v2\/product\/5260\/revisions"}],"predecessor-version":[{"id":5424,"href":"https:\/\/b375.com.ar\/wp\/wp-json\/wp\/v2\/product\/5260\/revisions\/5424"}],"wp:featuredmedia":[{"embeddable":true,"href":"https:\/\/b375.com.ar\/wp\/wp-json\/wp\/v2\/media\/5278"}],"wp:attachment":[{"href":"https:\/\/b375.com.ar\/wp\/wp-json\/wp\/v2\/media?parent=5260"}],"wp:term":[{"taxonomy":"product_brand","embeddable":true,"href":"https:\/\/b375.com.ar\/wp\/wp-json\/wp\/v2\/product_brand?post=5260"},{"taxonomy":"product_cat","embeddable":true,"href":"https:\/\/b375.com.ar\/wp\/wp-json\/wp\/v2\/product_cat?post=5260"},{"taxonomy":"product_tag","embeddable":true,"href":"https:\/\/b375.com.ar\/wp\/wp-json\/wp\/v2\/product_tag?post=5260"}],"curies":[{"name":"wp","href":"https:\/\/api.w.org\/{rel}","templated":true}]}}