{"id":5507,"date":"2026-01-23T02:35:24","date_gmt":"2026-01-23T05:35:24","guid":{"rendered":"https:\/\/b375.com.ar\/wp\/?post_type=product&#038;p=5507"},"modified":"2026-01-23T02:49:58","modified_gmt":"2026-01-23T05:49:58","slug":"renault-12-gordini-dual-pack","status":"publish","type":"product","link":"https:\/\/b375.com.ar\/wp\/producto\/renault-12-gordini-dual-pack\/","title":{"rendered":"Renault 12 Gordini &#8211; Dual Pack"},"content":{"rendered":"<p>Renault 12 Gordini &#8211; Standard Mejorado<br \/>\nRenault 12 Gordini Fanta Turbo<\/p>\n<p>Chequear el IG para mas contenido de este modelo.<\/p>\n<p><span style=\"font-size: 16px;\">Contenido de terceros detallado en la pesta\u00f1a de informaci\u00f3n de Content Manager del veh\u00edculo.<\/span><\/p>\n<p>Todas las marcas y logotipos contenidos pertenecen a sus respectivos due\u00f1os.<\/p>\n","protected":false},"excerpt":{"rendered":"<p>Renault 12 Gordini &#8211; Standard Mejorado<br \/>\nRenault 12 Gordini Fantasy Turbo<\/p>\n<p>Check IG for more media about this model.<\/p>\n<p><span style=\"font-size: 16px;\">All 3rd Party content included in CM info label for all vehicles.<\/span><\/p>\n<p>All brands and logos contained belong to their respective owners.<\/p>\n","protected":false},"featured_media":5510,"template":"","meta":{"site-sidebar-layout":"default","site-content-layout":"default","ast-site-content-layout":"default","site-content-style":"default","site-sidebar-style":"default","ast-global-header-display":"","ast-banner-title-visibility":"","ast-main-header-display":"","ast-hfb-above-header-display":"","ast-hfb-below-header-display":"","ast-hfb-mobile-header-display":"","site-post-title":"","ast-breadcrumbs-content":"","ast-featured-img":"","footer-sml-layout":"","ast-disable-related-posts":"","theme-transparent-header-meta":"default","adv-header-id-meta":"","stick-header-meta":"","header-above-stick-meta":"","header-main-stick-meta":"","header-below-stick-meta":"","astra-migrate-meta-layouts":"set","ast-page-background-enabled":"default","ast-page-background-meta":{"desktop":{"background-color":"","background-image":"","background-repeat":"repeat","background-position":"center center","background-size":"auto","background-attachment":"scroll","background-type":"","background-media":"","overlay-type":"","overlay-color":"","overlay-opacity":"","overlay-gradient":""},"tablet":{"background-color":"","background-image":"","background-repeat":"repeat","background-position":"center center","background-size":"auto","background-attachment":"scroll","background-type":"","background-media":"","overlay-type":"","overlay-color":"","overlay-opacity":"","overlay-gradient":""},"mobile":{"background-color":"","background-image":"","background-repeat":"repeat","background-position":"center center","background-size":"auto","background-attachment":"scroll","background-type":"","background-media":"","overlay-type":"","overlay-color":"","overlay-opacity":"","overlay-gradient":""}},"ast-content-background-meta":{"desktop":{"background-color":"var(--ast-global-color-5)","background-image":"","background-repeat":"repeat","background-position":"center center","background-size":"auto","background-attachment":"scroll","background-type":"","background-media":"","overlay-type":"","overlay-color":"","overlay-opacity":"","overlay-gradient":""},"tablet":{"background-color":"var(--ast-global-color-5)","background-image":"","background-repeat":"repeat","background-position":"center center","background-size":"auto","background-attachment":"scroll","background-type":"","background-media":"","overlay-type":"","overlay-color":"","overlay-opacity":"","overlay-gradient":""},"mobile":{"background-color":"var(--ast-global-color-5)","background-image":"","background-repeat":"repeat","background-position":"center center","background-size":"auto","background-attachment":"scroll","background-type":"","background-media":"","overlay-type":"","overlay-color":"","overlay-opacity":"","overlay-gradient":""}}},"product_brand":[],"product_cat":[134],"product_tag":[249,262,94,390,389,98,388,391],"class_list":{"0":"post-5507","1":"product","2":"type-product","3":"status-publish","4":"has-post-thumbnail","6":"product_cat-street-cars","7":"product_tag-assetto-corsa","8":"product_tag-b375","9":"product_tag-fwd","10":"product_tag-gordini","11":"product_tag-r12","12":"product_tag-renault","13":"product_tag-renault-12","14":"product_tag-renault-12-gordini","15":"desktop-align-left","16":"tablet-align-left","17":"mobile-align-left","19":"first","20":"instock","21":"featured","22":"virtual","23":"sold-individually","24":"taxable","25":"purchasable","26":"product-type-simple"},"jetpack_sharing_enabled":true,"_links":{"self":[{"href":"https:\/\/b375.com.ar\/wp\/wp-json\/wp\/v2\/product\/5507","targetHints":{"allow":["GET"]}}],"collection":[{"href":"https:\/\/b375.com.ar\/wp\/wp-json\/wp\/v2\/product"}],"about":[{"href":"https:\/\/b375.com.ar\/wp\/wp-json\/wp\/v2\/types\/product"}],"version-history":[{"count":1,"href":"https:\/\/b375.com.ar\/wp\/wp-json\/wp\/v2\/product\/5507\/revisions"}],"predecessor-version":[{"id":5523,"href":"https:\/\/b375.com.ar\/wp\/wp-json\/wp\/v2\/product\/5507\/revisions\/5523"}],"wp:featuredmedia":[{"embeddable":true,"href":"https:\/\/b375.com.ar\/wp\/wp-json\/wp\/v2\/media\/5510"}],"wp:attachment":[{"href":"https:\/\/b375.com.ar\/wp\/wp-json\/wp\/v2\/media?parent=5507"}],"wp:term":[{"taxonomy":"product_brand","embeddable":true,"href":"https:\/\/b375.com.ar\/wp\/wp-json\/wp\/v2\/product_brand?post=5507"},{"taxonomy":"product_cat","embeddable":true,"href":"https:\/\/b375.com.ar\/wp\/wp-json\/wp\/v2\/product_cat?post=5507"},{"taxonomy":"product_tag","embeddable":true,"href":"https:\/\/b375.com.ar\/wp\/wp-json\/wp\/v2\/product_tag?post=5507"}],"curies":[{"name":"wp","href":"https:\/\/api.w.org\/{rel}","templated":true}]}}